{"id":8,"date":"2015-08-03T12:14:47","date_gmt":"2015-08-03T12:14:47","guid":{"rendered":"http:\/\/www.lolamartinterapeutagestalt.com\/?page_id=8"},"modified":"2020-10-03T15:42:10","modified_gmt":"2020-10-03T15:42:10","slug":"inicio","status":"publish","type":"page","link":"https:\/\/www.lolamartinterapeutagestalt.com\/","title":{"rendered":"Home"},"content":{"rendered":"<hr class=\"gw-spacing clearboth \" style=\"height: 60px\" \/>\n<div class=\"anywidth\"  style=\"width:90%; \">\n<div class=\"intro gw-alignleft\" style = \"color:#A2195B;\">\n\u00bfC\u00d3MO TE PUEDO AYUDAR?<br \/>\n<hr class=\"gw-spacing clearboth \" style=\"height: 20px\" \/>\n<\/div><div class=\"clearboth\"><\/div>\n<h2>PARA PODER HACER ESTE MAGN\u00cdFICO TRABAJO, ES NECESARIO UN ENCUENTRO ENTRE EL PACIENTE Y LA TERAPEUTA, QUE HAYA UN V\u00cdNCULO, UNA CONEXI\u00d3N ENTRE AMBOS, SI NO ES IMPOSIBLE.<\/h2>\n<div class=\"linebar\" style=\"background-color:#83bf41;\"><\/div>\n<p>Para ello hacemos una entrevista inicial, para que las dos personas nos sintamos con el otro y as\u00ed ver si es posible trabajar juntos. Cuando esa conexi\u00f3n se produce, empezamos la terapia.<\/p>\n<h2>ESTAS SON LAS MODALIDADES TERAP\u00c9UTICAS QUE TE OFREZCO:<\/h2>\n<\/div>\n<hr class=\"gw-spacing clearboth \" style=\"height: 60px\" \/>\n<div class=\"service-center\"><div class=\"sc-iconbg\"><img src=\"https:\/\/www.lolamartinterapeutagestalt.com\/wp-content\/uploads\/2015\/08\/ico_t1.png\" class=\"service-img\" alt=\"\" \/><\/div><div class=\"sc-content\">\n<h4>Terapia<\/h4>\n<h4><hr class=\"gw-spacing clearboth \" style=\"height: 5px\" \/><\/h4>\n<h4>Individual<\/h4>\n<hr class=\"gw-spacing clearboth \" style=\"height: 21px\" \/>\n<a href=\"https:\/\/www.lolamartinterapeutagestalt.com\/index.php\/terapia-individual\/\" class=\"gw-btn gwb-white\" title=\"Leer M\u00e1s\">Leer M\u00e1s<\/a>\n<\/div><\/div>\n<div class=\"service-center\"><div class=\"sc-iconbg\"><img src=\"https:\/\/www.lolamartinterapeutagestalt.com\/wp-content\/uploads\/2015\/08\/ico_t2.png\" class=\"service-img\" alt=\"\" \/><\/div><div class=\"sc-content\">\n<h4>Terapia<\/h4>\n<h4><hr class=\"gw-spacing clearboth \" style=\"height: 5px\" \/><\/h4>\n<h4>de pareja<\/h4>\n<hr class=\"gw-spacing clearboth \" style=\"height: 21px\" \/>\n<a href=\"https:\/\/www.lolamartinterapeutagestalt.com\/index.php\/terapia-de-pareja\/\" class=\"gw-btn gwb-white\" title=\"Leer M\u00e1s\">Leer M\u00e1s<\/a>\n<\/div><\/div>\n<div class=\"service-center\"><div class=\"sc-iconbg\"><img src=\"https:\/\/www.lolamartinterapeutagestalt.com\/wp-content\/uploads\/2015\/08\/ico_t3.png\" class=\"service-img\" alt=\"\" \/><\/div><div class=\"sc-content\">\n<h4>Constelaciones<hr class=\"gw-spacing clearboth \" style=\"height: 5px\" \/>Familiares<\/h4>\n<hr class=\"gw-spacing clearboth \" style=\"height: 21px\" \/>\n<a href=\"https:\/\/www.lolamartinterapeutagestalt.com\/index.php\/constelaciones-familiares\/\" class=\"gw-btn gwb-white\" title=\"Leer M\u00e1s\">Leer M\u00e1s<\/a>\n<\/div><\/div>\n<div class=\"service-center\"><div class=\"sc-iconbg\"><img src=\"https:\/\/www.lolamartinterapeutagestalt.com\/wp-content\/uploads\/2015\/08\/ico_t4.png\" class=\"service-img\" alt=\"\" \/><\/div><div class=\"sc-content\">\n<h4>Flores<\/h4>\n<h4><hr class=\"gw-spacing clearboth \" style=\"height: 5px\" \/><\/h4>\n<h4>de Bach<\/h4>\n<hr class=\"gw-spacing clearboth \" style=\"height: 21px\" \/>\n<a href=\"https:\/\/www.lolamartinterapeutagestalt.com\/index.php\/flores-de-bach\/\" class=\"gw-btn gwb-white\" title=\"Leer M\u00e1s\">Leer M\u00e1s<\/a>\n<\/div><\/div>\n<hr class=\"gw-spacing clearboth \" style=\"height: 60px\" \/>\n<\/div><\/div><div class=\"contentbar \" style=\"\"><section class=\"contentbar-section\" style=\"background-color:#83bf41;color:#343434;\"><img src=\"https:\/\/www.lolamartinterapeutagestalt.com\/wp-content\/uploads\/2015\/08\/fnd_verde.jpg\" alt=\"\" class=\"contentbar-img\"><div class=\"container-fluid\">\n<hr class=\"gw-spacing clearboth \" style=\"height: 30px\" \/>\n<h2>\u00bfQU\u00c9 DIFERENCIA A LA GESTALT DE LA PSICOLOG\u00cdA TRADICIONAL?<\/h2>\n<div class=\"linebar\" style=\"background-color:#fff;\"><\/div>\n<p>Nosotros los <strong>Terapeutas Gest\u00e1lticos<\/strong> concebimos al paciente como una persona que cuenta con un repertorio de potencialidades suficientes para que pueda superar cualquier adversidad y tambi\u00e9n para que pueda explorar su propia felicidad.<\/p>\n<p><strong>En esta terapia<\/strong>, el terapeuta escucha y trata de entender el significado de lo que dice en la sesi\u00f3n, ya sea explicito o simb\u00f3lico, as\u00ed se puede apoyar o confrontar, valores esenciales en la Gestalt, as\u00ed tenemos mayor conocimiento de uno mismo y comprender al otro, al entorno, de como nos relacionamos con el entorno y los l\u00edmites.<\/p>\n<a href=\"https:\/\/www.lolamartinterapeutagestalt.com\/index.php\/que-es-la-gestalt\/\" class=\"gw-btn gwb-white\" title=\"Ver M\u00e1s\">Ver M\u00e1s<\/a>\n<hr class=\"gw-spacing clearboth \" style=\"height: 30px\" \/>\n<\/div><\/section><\/div><div class=\"container-fluid\"><div class=\"content\">\n<div class=\"anywidth\"  style=\"width:90%; \">\n<hr class=\"gw-spacing clearboth \" style=\"height: 60px\" \/>\n<h2>LA TERAPIA GESTALT ES ALGO M\u00c1S QUE UN PROCESO CURATIVO, ES UNA FILOSOF\u00cdA EXISTENCIAL, UNA MANERA DE ESTAR EN EL MUNDO.<\/h2>\n<blockquote><p>La psicoterapia no es un camino f\u00e1cil ya que nos cuesta ver las partes que menos nos gustan de nosotros mismos, de nuestro car\u00e1cter. Pero si tenemos coraje y confianza en que se va a llegar ah\u00ed, podremos ver lo que hay al otro lado. Si atravesamos el dolor, podremos salir de el.<\/p><\/blockquote>\n<h2 style=\"margin-left: 60px;\">LOS PRECEPTOS B\u00c1SICOS DE LA TERAPIA GESTALT SON:<\/h2>\n<\/div>\n<hr class=\"gw-spacing clearboth \" style=\"height: 40px\" \/>\n<div class=\"row\">\n<div class=\"col-md-6\">\n<div class=\"preceptos m_pre\">\n<div class=\"img_preceptos flotar_left\"><img loading=\"lazy\" style=\"width: 33px;\" src=\"https:\/\/www.lolamartinterapeutagestalt.com\/wp-content\/uploads\/2015\/08\/punto_rojo.gif\" alt=\"punto rojo\" width=\"33\" height=\"33\" \/><\/div>\n<div class=\"txt_preceptos flotar_left\">\n<h5>AQU\u00cd Y AHORA<\/h5>\n<p>Aqu\u00ed espacial y el ahora temporal, lo que para la Gestalt significa maduraci\u00f3n y crecimiento, para que el individuo se haga cargo de si mismo mediante el autoapoyo.<\/p>\n<\/div>\n<div class=\"clearboth\"><\/div>\n<\/div>\n<div class=\"preceptos m_pre\">\n<div class=\"img_preceptos flotar_left\"><img loading=\"lazy\" style=\"width: 33px;\" src=\"https:\/\/www.lolamartinterapeutagestalt.com\/wp-content\/uploads\/2015\/08\/punto_verde.gif\" alt=\"punto verde\" width=\"33\" height=\"33\" \/><\/div>\n<div class=\"txt_preceptos flotar_left\">\n<h5>RESPONSABILIDAD<\/h5>\n<p>Esta es b\u00e1sica para una persona que est\u00e1 en un proceso de crecimiento personal, de tal modo que no culpabilice a los dem\u00e1s o al entorno de lo que le ocurre a cada momento.<\/p>\n<\/div>\n<div class=\"clearboth\"><\/div>\n<\/div>\n<\/div>\n<div class=\"col-md-6\">\n<div class=\"preceptos m_pre\">\n<div class=\"img_preceptos flotar_left\"><img loading=\"lazy\" style=\"width: 33px;\" src=\"https:\/\/www.lolamartinterapeutagestalt.com\/wp-content\/uploads\/2015\/08\/punto_rojo.gif\" alt=\"punto rojo\" width=\"33\" height=\"33\" \/><\/div>\n<div class=\"txt_preceptos flotar_left\">\n<h5>ATENCI\u00d3N Y ACEPTACI\u00d3N<\/h5>\n<p>De la experiencia que solo se puede hacer tomando conciencia acerca de lo que se est\u00e1 viviendo.<\/p>\n<\/div>\n<div class=\"clearboth\"><\/div>\n<\/div>\n<div class=\"preceptos m_pre\">\n<div class=\"img_preceptos flotar_left\"><img loading=\"lazy\" style=\"width: 33px;\" src=\"https:\/\/www.lolamartinterapeutagestalt.com\/wp-content\/uploads\/2015\/08\/punto_verde.gif\" alt=\"punto verde\" width=\"33\" height=\"33\" \/><\/div>\n<div class=\"txt_preceptos flotar_left\">\n<h5>DARSE CUENTA<\/h5>\n<p>Es el concepto clave de esta terapia, para que as\u00ed se pueda existir la aceptaci\u00f3n de vivir aquello que est\u00e1 ocurriendo en este momento.<\/p>\n<\/div>\n<div class=\"clearboth\"><\/div>\n<\/div>\n<\/div>\n<\/div>\n<\/div><\/div><div class=\"contentbar div_contacto_home\" style=\"\"><section class=\"contentbar-section\" style=\"background-color:#F0F0F0;color:#343434;\"><div class=\"container-fluid\">\n<hr class=\"gw-spacing clearboth \" style=\"height: 30px\" \/>\n<span class=\"contacto_home\">Estar\u00e9 encantada de resolverte cualquier duda, <span style=\"color: #a2195b;\">\u00a1escr\u00edbeme!.<\/span><\/span> <a href=\"https:\/\/www.lolamartinterapeutagestalt.com\/index.php\/contacto\" class=\"gw-btn gwb-white\" title=\"CONTACTAR\">CONTACTAR<\/a>\n<hr class=\"gw-spacing clearboth \" style=\"height: 20px\" \/>\n<\/div><\/section><\/div><div class=\"container-fluid\"><div class=\"content\">\n","protected":false},"excerpt":{"rendered":"","protected":false},"author":1,"featured_media":0,"parent":0,"menu_order":0,"comment_status":"closed","ping_status":"closed","template":"template-homepage.php","meta":[],"yoast_head":"<!-- This site is optimized with the Yoast SEO plugin v15.2 - https:\/\/yoast.com\/wordpress\/plugins\/seo\/ -->\n<title>Home | Lola Mart\u00edn Terapeuta Gestalt en Madrid y Toledo.<\/title>\n<meta name=\"description\" content=\"los Terapeutas Gest\u00e1lticos creemos que el paciente tiene un repertorio de potencialidades suficientes superar cualquier adversidad.\" \/>\n<meta name=\"robots\" content=\"index, follow, max-snippet:-1, max-image-preview:large, max-video-preview:-1\" \/>\n<link rel=\"canonical\" href=\"https:\/\/www.lolamartinterapeutagestalt.com\/\" \/>\n<meta property=\"og:locale\" content=\"es_ES\" \/>\n<meta property=\"og:type\" content=\"article\" \/>\n<meta property=\"og:title\" content=\"Home | Lola Mart\u00edn Terapeuta Gestalt en Madrid y Toledo.\" \/>\n<meta property=\"og:description\" content=\"los Terapeutas Gest\u00e1lticos creemos que el paciente tiene un repertorio de potencialidades suficientes superar cualquier adversidad.\" \/>\n<meta property=\"og:url\" content=\"https:\/\/www.lolamartinterapeutagestalt.com\/\" \/>\n<meta property=\"og:site_name\" content=\"Lola Mart\u00edn Terapeuta Gestalt en Madrid y Toledo.\" \/>\n<meta property=\"article:modified_time\" content=\"2020-10-03T15:42:10+00:00\" \/>\n<meta property=\"og:image\" content=\"https:\/\/www.lolamartinterapeutagestalt.com\/wp-content\/uploads\/2015\/08\/punto_rojo.gif\" \/>\n<meta name=\"twitter:card\" content=\"summary\" \/>\n<meta name=\"twitter:label1\" value=\"Escrito por\">\n\t<meta name=\"twitter:data1\" value=\"lolamart\">\n\t<meta name=\"twitter:label2\" value=\"Tiempo de lectura\">\n\t<meta name=\"twitter:data2\" value=\"3 minutos\">\n<script type=\"application\/ld+json\" class=\"yoast-schema-graph\">{\"@context\":\"https:\/\/schema.org\",\"@graph\":[{\"@type\":[\"Person\",\"Organization\"],\"@id\":\"https:\/\/www.lolamartinterapeutagestalt.com\/#\/schema\/person\/3a4b7de574f5d924cfa872e2a73dbd58\",\"name\":\"lolamart\",\"image\":{\"@type\":\"ImageObject\",\"@id\":\"https:\/\/www.lolamartinterapeutagestalt.com\/#personlogo\",\"inLanguage\":\"es\",\"url\":\"https:\/\/www.lolamartinterapeutagestalt.com\/wp-content\/uploads\/2015\/08\/logotipo.gif\",\"width\":343,\"height\":86,\"caption\":\"lolamart\"},\"logo\":{\"@id\":\"https:\/\/www.lolamartinterapeutagestalt.com\/#personlogo\"}},{\"@type\":\"WebSite\",\"@id\":\"https:\/\/www.lolamartinterapeutagestalt.com\/#website\",\"url\":\"https:\/\/www.lolamartinterapeutagestalt.com\/\",\"name\":\"Lola Mart\\u00edn Terapeuta Gestalt en Madrid y Toledo.\",\"description\":\"Terapeuta Gestalt con consulta en Madrid y Toledo, especializada en: Terapia Invididual, Terapia de Pareja, Constelaciones Familiares y Flores de Bach.\",\"publisher\":{\"@id\":\"https:\/\/www.lolamartinterapeutagestalt.com\/#\/schema\/person\/3a4b7de574f5d924cfa872e2a73dbd58\"},\"potentialAction\":[{\"@type\":\"SearchAction\",\"target\":\"https:\/\/www.lolamartinterapeutagestalt.com\/?s={search_term_string}\",\"query-input\":\"required name=search_term_string\"}],\"inLanguage\":\"es\"},{\"@type\":\"ImageObject\",\"@id\":\"https:\/\/www.lolamartinterapeutagestalt.com\/#primaryimage\",\"inLanguage\":\"es\",\"url\":\"https:\/\/www.lolamartinterapeutagestalt.com\/wp-content\/uploads\/2015\/08\/punto_rojo.gif\",\"width\":33,\"height\":33},{\"@type\":\"WebPage\",\"@id\":\"https:\/\/www.lolamartinterapeutagestalt.com\/#webpage\",\"url\":\"https:\/\/www.lolamartinterapeutagestalt.com\/\",\"name\":\"Home | Lola Mart\\u00edn Terapeuta Gestalt en Madrid y Toledo.\",\"isPartOf\":{\"@id\":\"https:\/\/www.lolamartinterapeutagestalt.com\/#website\"},\"primaryImageOfPage\":{\"@id\":\"https:\/\/www.lolamartinterapeutagestalt.com\/#primaryimage\"},\"datePublished\":\"2015-08-03T12:14:47+00:00\",\"dateModified\":\"2020-10-03T15:42:10+00:00\",\"description\":\"los Terapeutas Gest\\u00e1lticos creemos que el paciente tiene un repertorio de potencialidades suficientes superar cualquier adversidad.\",\"inLanguage\":\"es\",\"potentialAction\":[{\"@type\":\"ReadAction\",\"target\":[\"https:\/\/www.lolamartinterapeutagestalt.com\/\"]}]}]}<\/script>\n<!-- \/ Yoast SEO plugin. -->","_links":{"self":[{"href":"https:\/\/www.lolamartinterapeutagestalt.com\/index.php\/wp-json\/wp\/v2\/pages\/8"}],"collection":[{"href":"https:\/\/www.lolamartinterapeutagestalt.com\/index.php\/wp-json\/wp\/v2\/pages"}],"about":[{"href":"https:\/\/www.lolamartinterapeutagestalt.com\/index.php\/wp-json\/wp\/v2\/types\/page"}],"author":[{"embeddable":true,"href":"https:\/\/www.lolamartinterapeutagestalt.com\/index.php\/wp-json\/wp\/v2\/users\/1"}],"replies":[{"embeddable":true,"href":"https:\/\/www.lolamartinterapeutagestalt.com\/index.php\/wp-json\/wp\/v2\/comments?post=8"}],"version-history":[{"count":194,"href":"https:\/\/www.lolamartinterapeutagestalt.com\/index.php\/wp-json\/wp\/v2\/pages\/8\/revisions"}],"predecessor-version":[{"id":447,"href":"https:\/\/www.lolamartinterapeutagestalt.com\/index.php\/wp-json\/wp\/v2\/pages\/8\/revisions\/447"}],"wp:attachment":[{"href":"https:\/\/www.lolamartinterapeutagestalt.com\/index.php\/wp-json\/wp\/v2\/media?parent=8"}],"curies":[{"name":"wp","href":"https:\/\/api.w.org\/{rel}","templated":true}]}}