{"id":386,"date":"2015-08-07T15:48:12","date_gmt":"2015-08-07T15:48:12","guid":{"rendered":"http:\/\/www.lolamartinterapeutagestalt.com\/?page_id=386"},"modified":"2015-08-16T21:04:15","modified_gmt":"2015-08-16T21:04:15","slug":"que-es-la-gestalt","status":"publish","type":"page","link":"https:\/\/www.lolamartinterapeutagestalt.com\/index.php\/que-es-la-gestalt\/","title":{"rendered":"\u00bfQu\u00e9 es la Gestalt?"},"content":{"rendered":"<hr class=\"gw-spacing clearboth \" style=\"height: 60px\" \/>\n<div class=\"row\">\n<div class=\"col-md-6\">\n<p class=\"justificar\">Seg\u00fan mi criterio la <strong>Terapia Gestalt<\/strong> da significado a esta forma de estar en la vida que te permite contactar desde el presente, desde lo que est\u00e1s sintiendo en este momento, para poder llegar a situaciones de tu pasado no resueltas que te est\u00e1n impidiendo vivir la vida de una forma tranquila y amorosa. <strong>Fritzs Perls<\/strong> fue el creador de la Gestalt, junto con Laura Perls y Paul Goodman. Con el paso del tiempo la terapia Gestalt se dividi\u00f3 en dos corrientes: la creada por Laura Perls, que estaba centrada mas en un proceso mas te\u00f3rico y la creada por Fritzs, enfocada a un proceso vivencial del propio desarrollo personal.<\/p>\n<\/div>\n<div class=\"col-md-6\">\n<p class=\"justificar\">Destaca poniendo en practica esta terapia humanista <strong>Claudio Naranjo<\/strong>, psiquiatra y por supuesto terapeuta Gestalt, quien es el claro sucesor de Fritzs Perls. Las claras influencias del psicoan\u00e1lisis y de la filosof\u00eda oriental, hacen que esta terapia se centre mas en generar salud <strong>desde las potencialidades que posee la persona<\/strong>, en vez de centrarse s\u00f3lamente en la enfermedad, integrando de esta forma la psicoterapia y la espiritualidad.<\/p>\n<\/div>\n<\/div>\n<div class=\"row\">\n<p class=\"justificar margen_extra\"><strong>Nosotros los terapeutas gest\u00e1lticos concebimos al paciente como una persona que cuenta con un repertorio de potencialidades suficientes para que pueda superar cualquier adversidad y tambi\u00e9n, para que pueda explorar su propia felicidad.<\/strong><\/p>\n<hr class=\"gw-spacing clearboth \" style=\"height: 40px\" \/>\n<h2 class=\"justificar margen_extra\">El desarrollo personal propuesto por Claudio Naranjo gira en torno a estos enunciados:<\/h2>\n<\/div>\n<div class=\"row\">\n<hr class=\"gw-spacing clearboth \" style=\"height: 40px\" \/>\n<div class=\"col-md-6\">\n<ul class=\"custom-list\"  style=\"margin-left: 20px;\">\n<li><i class=\"fa fa-leaf\"><\/i>\n<span class=\"resalte\">Vive ahora<\/span>, es decir, preoc\u00fapate del presente mas que del pasado o el futuro.<br \/>\n<\/li>\n<li><i class=\"fa fa-leaf\"><\/i>\n<span class=\"resalte\">Vive aqu\u00ed<\/span>, es decir, relaci\u00f3nate mas con lo que hay que con lo ausente.<br \/>\n<\/li>\n<li><i class=\"fa fa-leaf\"><\/i>\n<span class=\"resalte\">Deja de imaginar<\/span>, experimenta lo real.<br \/>\n<\/li>\n<li><i class=\"fa fa-leaf\"><\/i>\nAbandona los pensamientos innecesarios, mas bien <span class=\"resalte\">siente y observa<\/span>.<br \/>\n<\/li>\n<li><i class=\"fa fa-leaf\"><\/i>\n<span class=\"resalte\">Prefiere expresar<\/span> antes que manipular, explicar, justificar o juzgar.<br \/>\n<\/li>\n<\/ul><br \/>\n<\/div>\n<div class=\"col-md-6\">\n<ul class=\"custom-list\"  style=\"margin-left: 20px;\">\n<li><i class=\"fa fa-leaf\"><\/i>\nEntr\u00e9gate al desagrado y al dolor tal como al placer, <span class=\"resalte\">no restrinjas, perc\u00e1tate<\/span>.<br \/>\n<\/li>\n<li><i class=\"fa fa-leaf\"><\/i>\nNo aceptes ning\u00fan otro deber\u00eda o tendr\u00eda mas que <span class=\"resalte\">el tuyo propio<\/span>.<br \/>\n<\/li>\n<li><i class=\"fa fa-leaf\"><\/i>\n<span class=\"resalte\">Responsabil\u00edzate<\/span> plenamente de tus acciones, sentimientos y pensamientos.<br \/>\n<\/li>\n<li><i class=\"fa fa-leaf\"><\/i>\n<span class=\"resalte\">Acepta ser como eres<\/span>.<br \/>\n<\/li>\n<\/ul><br \/>\n<\/div>\n<\/div>\n<hr class=\"gw-spacing clearboth \" style=\"height: 40px\" \/>\n<div class=\"cita_foto02\">\u201cSer responsable conlleva estar presente, estar aqu\u00ed. Y estar verdaderamente presente, es estar consciente. A su vez estar consciente es una condici\u00f3n incompatible con la ilusi\u00f3n de irresponsabilidad por medio de la cual evitamos vivir nuestras vidas\u201d<\/div>\n<p style=\"text-align: center;\">Claudio Naranjo<\/p>\n<hr class=\"gw-spacing clearboth \" style=\"height: 40px\" \/>\n<\/div><\/div><div class=\"contentbar div_contacto_home\" style=\"\"><section class=\"contentbar-section\" style=\"background-color:#F0F0F0;color:#343434;\"><div class=\"container-fluid\">\n<hr class=\"gw-spacing clearboth \" style=\"height: 30px\" \/>\n<span class=\"contacto_home\">Estar\u00e9 encantada de resolverte cualquier duda, <span style=\"color: #a2195b;\">\u00a1escr\u00edbeme!.<\/span><\/span> <a href=\"https:\/\/www.lolamartinterapeutagestalt.com\/index.php\/contacto\" class=\"gw-btn gwb-white\" title=\"CONTACTAR\">CONTACTAR<\/a>\n<hr class=\"gw-spacing clearboth \" style=\"height: 20px\" \/>\n<\/div><\/section><\/div><div class=\"container-fluid\"><div class=\"content\">\n","protected":false},"excerpt":{"rendered":"<p>\u201cSer responsable conlleva estar presente, estar aqu\u00ed. Y estar verdaderamente presente, es estar consciente. A su vez estar consciente es una condici\u00f3n incompatible con la ilusi\u00f3n de irresponsabilidad por medio de la cual evitamos vivir nuestras vidas\u201d Claudio Naranjo<\/p>\n","protected":false},"author":1,"featured_media":0,"parent":0,"menu_order":0,"comment_status":"closed","ping_status":"closed","template":"template-fullwidth.php","meta":[],"yoast_head":"<!-- This site is optimized with the Yoast SEO plugin v15.2 - https:\/\/yoast.com\/wordpress\/plugins\/seo\/ -->\n<title>\u00bfQu\u00e9 es la Gestalt? | Lola Mart\u00edn Terapeuta Gestalt en Madrid y Toledo.<\/title>\n<meta name=\"robots\" content=\"index, follow, max-snippet:-1, max-image-preview:large, max-video-preview:-1\" \/>\n<link rel=\"canonical\" href=\"https:\/\/www.lolamartinterapeutagestalt.com\/index.php\/que-es-la-gestalt\/\" \/>\n<meta property=\"og:locale\" content=\"es_ES\" \/>\n<meta property=\"og:type\" content=\"article\" \/>\n<meta property=\"og:title\" content=\"\u00bfQu\u00e9 es la Gestalt? | Lola Mart\u00edn Terapeuta Gestalt en Madrid y Toledo.\" \/>\n<meta property=\"og:description\" content=\"\u201cSer responsable conlleva estar presente, estar aqu\u00ed. Y estar verdaderamente presente, es estar consciente. A su vez estar consciente es una condici\u00f3n incompatible con la ilusi\u00f3n de irresponsabilidad por medio de la cual evitamos vivir nuestras vidas\u201d Claudio Naranjo\" \/>\n<meta property=\"og:url\" content=\"https:\/\/www.lolamartinterapeutagestalt.com\/index.php\/que-es-la-gestalt\/\" \/>\n<meta property=\"og:site_name\" content=\"Lola Mart\u00edn Terapeuta Gestalt en Madrid y Toledo.\" \/>\n<meta property=\"article:modified_time\" content=\"2015-08-16T21:04:15+00:00\" \/>\n<meta name=\"twitter:card\" content=\"summary\" \/>\n<meta name=\"twitter:label1\" value=\"Escrito por\">\n\t<meta name=\"twitter:data1\" value=\"lolamart\">\n\t<meta name=\"twitter:label2\" value=\"Tiempo de lectura\">\n\t<meta name=\"twitter:data2\" value=\"2 minutos\">\n<script type=\"application\/ld+json\" class=\"yoast-schema-graph\">{\"@context\":\"https:\/\/schema.org\",\"@graph\":[{\"@type\":[\"Person\",\"Organization\"],\"@id\":\"https:\/\/www.lolamartinterapeutagestalt.com\/#\/schema\/person\/3a4b7de574f5d924cfa872e2a73dbd58\",\"name\":\"lolamart\",\"image\":{\"@type\":\"ImageObject\",\"@id\":\"https:\/\/www.lolamartinterapeutagestalt.com\/#personlogo\",\"inLanguage\":\"es\",\"url\":\"https:\/\/www.lolamartinterapeutagestalt.com\/wp-content\/uploads\/2015\/08\/logotipo.gif\",\"width\":343,\"height\":86,\"caption\":\"lolamart\"},\"logo\":{\"@id\":\"https:\/\/www.lolamartinterapeutagestalt.com\/#personlogo\"}},{\"@type\":\"WebSite\",\"@id\":\"https:\/\/www.lolamartinterapeutagestalt.com\/#website\",\"url\":\"https:\/\/www.lolamartinterapeutagestalt.com\/\",\"name\":\"Lola Mart\\u00edn Terapeuta Gestalt en Madrid y Toledo.\",\"description\":\"Terapeuta Gestalt con consulta en Madrid y Toledo, especializada en: Terapia Invididual, Terapia de Pareja, Constelaciones Familiares y Flores de Bach.\",\"publisher\":{\"@id\":\"https:\/\/www.lolamartinterapeutagestalt.com\/#\/schema\/person\/3a4b7de574f5d924cfa872e2a73dbd58\"},\"potentialAction\":[{\"@type\":\"SearchAction\",\"target\":\"https:\/\/www.lolamartinterapeutagestalt.com\/?s={search_term_string}\",\"query-input\":\"required name=search_term_string\"}],\"inLanguage\":\"es\"},{\"@type\":\"WebPage\",\"@id\":\"https:\/\/www.lolamartinterapeutagestalt.com\/index.php\/que-es-la-gestalt\/#webpage\",\"url\":\"https:\/\/www.lolamartinterapeutagestalt.com\/index.php\/que-es-la-gestalt\/\",\"name\":\"\\u00bfQu\\u00e9 es la Gestalt? | Lola Mart\\u00edn Terapeuta Gestalt en Madrid y Toledo.\",\"isPartOf\":{\"@id\":\"https:\/\/www.lolamartinterapeutagestalt.com\/#website\"},\"datePublished\":\"2015-08-07T15:48:12+00:00\",\"dateModified\":\"2015-08-16T21:04:15+00:00\",\"inLanguage\":\"es\",\"potentialAction\":[{\"@type\":\"ReadAction\",\"target\":[\"https:\/\/www.lolamartinterapeutagestalt.com\/index.php\/que-es-la-gestalt\/\"]}]}]}<\/script>\n<!-- \/ Yoast SEO plugin. -->","_links":{"self":[{"href":"https:\/\/www.lolamartinterapeutagestalt.com\/index.php\/wp-json\/wp\/v2\/pages\/386"}],"collection":[{"href":"https:\/\/www.lolamartinterapeutagestalt.com\/index.php\/wp-json\/wp\/v2\/pages"}],"about":[{"href":"https:\/\/www.lolamartinterapeutagestalt.com\/index.php\/wp-json\/wp\/v2\/types\/page"}],"author":[{"embeddable":true,"href":"https:\/\/www.lolamartinterapeutagestalt.com\/index.php\/wp-json\/wp\/v2\/users\/1"}],"replies":[{"embeddable":true,"href":"https:\/\/www.lolamartinterapeutagestalt.com\/index.php\/wp-json\/wp\/v2\/comments?post=386"}],"version-history":[{"count":32,"href":"https:\/\/www.lolamartinterapeutagestalt.com\/index.php\/wp-json\/wp\/v2\/pages\/386\/revisions"}],"predecessor-version":[{"id":445,"href":"https:\/\/www.lolamartinterapeutagestalt.com\/index.php\/wp-json\/wp\/v2\/pages\/386\/revisions\/445"}],"wp:attachment":[{"href":"https:\/\/www.lolamartinterapeutagestalt.com\/index.php\/wp-json\/wp\/v2\/media?parent=386"}],"curies":[{"name":"wp","href":"https:\/\/api.w.org\/{rel}","templated":true}]}}