{"id":360,"date":"2015-08-07T09:33:39","date_gmt":"2015-08-07T09:33:39","guid":{"rendered":"http:\/\/www.lolamartinterapeutagestalt.com\/?page_id=360"},"modified":"2015-08-07T20:23:54","modified_gmt":"2015-08-07T20:23:54","slug":"mi-formacion","status":"publish","type":"page","link":"https:\/\/www.lolamartinterapeutagestalt.com\/index.php\/mi-formacion\/","title":{"rendered":"Mi Formaci\u00f3n"},"content":{"rendered":"<hr class=\"gw-spacing clearboth \" style=\"height: 60px\" \/>\n<div class=\"row\">\n<div class=\"imagebox-wrapper\"><img src=\"https:\/\/www.lolamartinterapeutagestalt.com\/wp-content\/uploads\/2015\/08\/banner_formacion.jpg\" alt=\"\" \/><div class=\"imagebox-content\">\n<\/div><\/div>\n<\/div>\n<hr class=\"gw-spacing clearboth \" style=\"height: 40px\" \/>\n<div class=\"row\">\n<div class=\"col-md-8\">\n<h1>Lola Mart\u00edn. Terapeuta Gestalt<\/h1>\n<div class=\"linebar\" style=\"background-color:#83BF41;\"><\/div>\n<p class=\"justificar\">Realic\u00e9 mi Formaci\u00f3n como Terapeuta Gestalt con <strong>Grupo Quatro<\/strong>. Recibe este nombre debido a que est\u00e1 compuesto por cuatro terapeutas, desde mi punto de vista extraordinarios. Cada uno de ellos tiene una forma diferente de trabajar, de ah\u00ed se deduce lo abierta que es esta terapia y lo sumamente eficiente que es, independientemente de la persona que la ponga en practica. La propia formaci\u00f3n, sensibilidad y bagaje es lo que realmente cuenta a la hora de ejercer de terapeuta.<\/p>\n<p class=\"justificar\">Para obtener este t\u00edtulo de la AETG, asociaci\u00f3n espa\u00f1ola de terapeutas gest\u00e1lticos y poder ejercer como terapeuta realiz\u00e9 una formaci\u00f3n de 700 horas. Tambi\u00e9n fueron necesarias 80 horas m\u00ednimo de terapia individual, ya que sin poner en practica el propio proceso de terapia personal, ser\u00eda pr\u00e1cticamente imposible ponerse en la piel del otro y ser una buena terapeuta.<\/p>\n<h2>Mis pasos previos&#8230;<\/h2>\n<p class=\"justificar\">Empec\u00e9 ya hace 20 a\u00f1os a formarme como <strong>Masajista<\/strong>, cuidar al otro ha estado integrado siempre en mi forma de vida, y me pareci\u00f3 una buena manera de contactar con el otro y intentar que se sintiera mejor.<\/p>\n<p class=\"justificar\">Al ver que el cuidar el cuerpo era insuficiente para que la persona se sintiera mejor, empec\u00e9 a interactuar con el paciente desde lo energ\u00e9tico, soy <strong>Maestra de Reiki<\/strong> y me ha dado muchas alegr\u00edas a lo largo de mi vida.<\/p>\n<p class=\"justificar\">Lo energ\u00e9tico y corporal me llevaron a las <strong>Flores de Bach<\/strong>, para actuar desde lo emocional. Estas criaturas florales son incre\u00edblemente poderosas y me gusta siempre que es posible, a\u00f1adirlas a cualquier tratamiento o usarlas como tratamiento en si.<\/p>\n<p class=\"justificar\">las <strong>Constelaciones Familiares<\/strong> son otra disciplina que me ha influido especialmente. Constelando al paciente descubro como se encuentra su sistema familiar, para poder restablecer el orden si se encuentra da\u00f1ado.<\/p>\n<\/div>\n<div class=\"col-md-4\">\n<hr class=\"gw-spacing clearboth \" style=\"height: 80px\" \/>\n<div class=\"cita_foto02\">\u201cLa propia formaci\u00f3n, sensibilidad y bagaje es lo que realmente cuenta a la hora de ejercer de terapeuta\u201d<\/div>\n<\/div>\n<\/div>\n<hr class=\"gw-spacing clearboth \" style=\"height: 40px\" \/>\n<\/div><\/div><div class=\"contentbar div_contacto_home\" style=\"\"><section class=\"contentbar-section\" style=\"background-color:#F0F0F0;color:#343434;\"><div class=\"container-fluid\">\n<hr class=\"gw-spacing clearboth \" style=\"height: 30px\" \/>\n<span class=\"contacto_home\">Estar\u00e9 encantada de resolverte cualquier duda, <span style=\"color: #a2195b;\">\u00a1escr\u00edbeme!.<\/span><\/span> <a href=\"https:\/\/www.lolamartinterapeutagestalt.com\/index.php\/contacto\" class=\"gw-btn gwb-white\" title=\"CONTACTAR\">CONTACTAR<\/a>\n<hr class=\"gw-spacing clearboth \" style=\"height: 20px\" \/>\n<\/div><\/section><\/div><div class=\"container-fluid\"><div class=\"content\">\n","protected":false},"excerpt":{"rendered":"","protected":false},"author":1,"featured_media":0,"parent":0,"menu_order":0,"comment_status":"closed","ping_status":"closed","template":"template-fullwidth.php","meta":[],"yoast_head":"<!-- This site is optimized with the Yoast SEO plugin v15.2 - https:\/\/yoast.com\/wordpress\/plugins\/seo\/ -->\n<title>Mi Formaci\u00f3n | Lola Mart\u00edn Terapeuta Gestalt en Madrid y Toledo.<\/title>\n<meta name=\"robots\" content=\"index, follow, max-snippet:-1, max-image-preview:large, max-video-preview:-1\" \/>\n<link rel=\"canonical\" href=\"https:\/\/www.lolamartinterapeutagestalt.com\/index.php\/mi-formacion\/\" \/>\n<meta property=\"og:locale\" content=\"es_ES\" \/>\n<meta property=\"og:type\" content=\"article\" \/>\n<meta property=\"og:title\" content=\"Mi Formaci\u00f3n | Lola Mart\u00edn Terapeuta Gestalt en Madrid y Toledo.\" \/>\n<meta property=\"og:url\" content=\"https:\/\/www.lolamartinterapeutagestalt.com\/index.php\/mi-formacion\/\" \/>\n<meta property=\"og:site_name\" content=\"Lola Mart\u00edn Terapeuta Gestalt en Madrid y Toledo.\" \/>\n<meta property=\"article:modified_time\" content=\"2015-08-07T20:23:54+00:00\" \/>\n<meta name=\"twitter:card\" content=\"summary\" \/>\n<meta name=\"twitter:label1\" value=\"Escrito por\">\n\t<meta name=\"twitter:data1\" value=\"lolamart\">\n\t<meta name=\"twitter:label2\" value=\"Tiempo de lectura\">\n\t<meta name=\"twitter:data2\" value=\"2 minutos\">\n<script type=\"application\/ld+json\" class=\"yoast-schema-graph\">{\"@context\":\"https:\/\/schema.org\",\"@graph\":[{\"@type\":[\"Person\",\"Organization\"],\"@id\":\"https:\/\/www.lolamartinterapeutagestalt.com\/#\/schema\/person\/3a4b7de574f5d924cfa872e2a73dbd58\",\"name\":\"lolamart\",\"image\":{\"@type\":\"ImageObject\",\"@id\":\"https:\/\/www.lolamartinterapeutagestalt.com\/#personlogo\",\"inLanguage\":\"es\",\"url\":\"https:\/\/www.lolamartinterapeutagestalt.com\/wp-content\/uploads\/2015\/08\/logotipo.gif\",\"width\":343,\"height\":86,\"caption\":\"lolamart\"},\"logo\":{\"@id\":\"https:\/\/www.lolamartinterapeutagestalt.com\/#personlogo\"}},{\"@type\":\"WebSite\",\"@id\":\"https:\/\/www.lolamartinterapeutagestalt.com\/#website\",\"url\":\"https:\/\/www.lolamartinterapeutagestalt.com\/\",\"name\":\"Lola Mart\\u00edn Terapeuta Gestalt en Madrid y Toledo.\",\"description\":\"Terapeuta Gestalt con consulta en Madrid y Toledo, especializada en: Terapia Invididual, Terapia de Pareja, Constelaciones Familiares y Flores de Bach.\",\"publisher\":{\"@id\":\"https:\/\/www.lolamartinterapeutagestalt.com\/#\/schema\/person\/3a4b7de574f5d924cfa872e2a73dbd58\"},\"potentialAction\":[{\"@type\":\"SearchAction\",\"target\":\"https:\/\/www.lolamartinterapeutagestalt.com\/?s={search_term_string}\",\"query-input\":\"required name=search_term_string\"}],\"inLanguage\":\"es\"},{\"@type\":\"WebPage\",\"@id\":\"https:\/\/www.lolamartinterapeutagestalt.com\/index.php\/mi-formacion\/#webpage\",\"url\":\"https:\/\/www.lolamartinterapeutagestalt.com\/index.php\/mi-formacion\/\",\"name\":\"Mi Formaci\\u00f3n | Lola Mart\\u00edn Terapeuta Gestalt en Madrid y Toledo.\",\"isPartOf\":{\"@id\":\"https:\/\/www.lolamartinterapeutagestalt.com\/#website\"},\"datePublished\":\"2015-08-07T09:33:39+00:00\",\"dateModified\":\"2015-08-07T20:23:54+00:00\",\"inLanguage\":\"es\",\"potentialAction\":[{\"@type\":\"ReadAction\",\"target\":[\"https:\/\/www.lolamartinterapeutagestalt.com\/index.php\/mi-formacion\/\"]}]}]}<\/script>\n<!-- \/ Yoast SEO plugin. -->","_links":{"self":[{"href":"https:\/\/www.lolamartinterapeutagestalt.com\/index.php\/wp-json\/wp\/v2\/pages\/360"}],"collection":[{"href":"https:\/\/www.lolamartinterapeutagestalt.com\/index.php\/wp-json\/wp\/v2\/pages"}],"about":[{"href":"https:\/\/www.lolamartinterapeutagestalt.com\/index.php\/wp-json\/wp\/v2\/types\/page"}],"author":[{"embeddable":true,"href":"https:\/\/www.lolamartinterapeutagestalt.com\/index.php\/wp-json\/wp\/v2\/users\/1"}],"replies":[{"embeddable":true,"href":"https:\/\/www.lolamartinterapeutagestalt.com\/index.php\/wp-json\/wp\/v2\/comments?post=360"}],"version-history":[{"count":23,"href":"https:\/\/www.lolamartinterapeutagestalt.com\/index.php\/wp-json\/wp\/v2\/pages\/360\/revisions"}],"predecessor-version":[{"id":431,"href":"https:\/\/www.lolamartinterapeutagestalt.com\/index.php\/wp-json\/wp\/v2\/pages\/360\/revisions\/431"}],"wp:attachment":[{"href":"https:\/\/www.lolamartinterapeutagestalt.com\/index.php\/wp-json\/wp\/v2\/media?parent=360"}],"curies":[{"name":"wp","href":"https:\/\/api.w.org\/{rel}","templated":true}]}}