{"id":287,"date":"2015-08-06T16:17:02","date_gmt":"2015-08-06T16:17:02","guid":{"rendered":"http:\/\/www.lolamartinterapeutagestalt.com\/?page_id=287"},"modified":"2017-02-07T11:10:42","modified_gmt":"2017-02-07T11:10:42","slug":"constelaciones-familiares","status":"publish","type":"page","link":"https:\/\/www.lolamartinterapeutagestalt.com\/index.php\/constelaciones-familiares\/","title":{"rendered":"Constelaciones Familiares"},"content":{"rendered":"<hr class=\"gw-spacing clearboth \" style=\"height: 60px\" \/>\n<div class=\"row\">\n<div class=\"col-md-4\">\n<div class=\"imagebox-wrapper\"><img src=\"https:\/\/www.lolamartinterapeutagestalt.com\/wp-content\/uploads\/2015\/08\/img_constelaciones_familiares.jpg\" alt=\"imagen de Terapia Individual\" \/><div class=\"imagebox-content\">\n<hr class=\"gw-spacing clearboth \" style=\"height: 30px\" \/>\n<div class=\"cita_foto\">\u201cHonrar a los padres es honrar la Tierra\u201d<\/div>\n<\/div><\/div>\n<\/div>\n<div class=\"col-md-8\">\n<hr class=\"gw-spacing clearboth \" style=\"height: 20px\" \/>\n<h3 class=\"justificar\">SE TRATA DEL M\u00c9TODO FENOMENOL\u00d3GICO Y SIST\u00c9MICO CREADO POR BERT HELLINGER (PSICOTERAPEUTA ALEM\u00c1N). GRACIAS A SU CONTRIBUCI\u00d3N TENEMOS UN PANORAMA TERAP\u00c9UTICO ENRIQUECIDO A PARTIR DE LA COMPRENSI\u00d3N DE LOS \u00d3RDENES DEL AMOR Y LOS MOVIMIENTOS DEL AMA.<\/h3>\n<div class=\"linebar\" style=\"background-color:#83BF41;\"><\/div>\n<p class=\"justificar\">Con este trabajo se comprenden en un tiempo breve, las din\u00e1micas, comportamientos e implicaciones que mantienen los problemas familiares. Partiendo de esta comprensi\u00f3n podemos permitir o incluso forzar a veces los movimientos necesarios, para que haya una resoluci\u00f3n.<\/p>\n<p class=\"justificar\">Los problemas que se repiten son los que tienen su raiz en el pasado de nuestro sistema familiar, no son situaciones que nosotros hayamos provocado. <strong>Bert Hellinguer<\/strong> cree que estamos condicionados por una conciencia grupal o colectiva que influye de una manera inconsciente a algunos miembros del sistema familiar. Si lo hacemos consciente, podemos librarnos de repetir ciertos patrones, evitando la insatisfacci\u00f3n y la afecci\u00f3n f\u00edsica en muchos casos.<\/p>\n<h3>\u00bfCu\u00e1l es su utilidad?<\/h3>\n<p class=\"justificar\">Las constelaciones Familiares son \u00fatiles principalmente para resolver los problemas que tienen una ra\u00edz sist\u00e9mica, que de hecho son la mayor\u00eda, tales como:<\/p>\n<ul class=\"custom-list\"  style=\"margin-left: 20px;\">\n<li><i class=\"fa fa-arrow-right\"><\/i>\nProblemas de relaci\u00f3n con la pareja, hijos, hermanos, padres.<br \/>\n<\/li>\n<li><i class=\"fa fa-arrow-right\"><\/i>\nProblemas con el trabajo.<br \/>\n<\/li>\n<li><i class=\"fa fa-arrow-right\"><\/i>\nDuelos.<br \/>\n<\/li>\n<li><i class=\"fa fa-arrow-right\"><\/i>\nAbortos, muertes prematuras.<br \/>\n<\/li>\n<li><i class=\"fa fa-arrow-right\"><\/i>\nAbusos sexuales.<br \/>\n<\/li>\n<li><i class=\"fa fa-arrow-right\"><\/i>\nFalta de confianza y autoestima.<br \/>\n<\/li>\n<\/ul><br \/>\n<h3>\u00bfC\u00f3mo se realiza?<\/h3>\n<p class=\"justificar\">Se puede realizar de una forma individual o grupal, ambas formas son muy efectivas y sanadoras. Lo realmente efectivo es permitirse el movimiento, que nos llegue esa energ\u00eda que nos moviliza a la hora de poner en practica este trabajo. Todas las personas estamos conectadas de una forma energ\u00e9tica, eso es lo que posibilita este trabajo, las neuronas espejo nos hacen copiar comportamientos los unos de los otros sin ser conscientes de ello.<\/p>\n<p class=\"justificar\">Para entender realmente una constelaci\u00f3n familiar, recomiendo constelar a nivel individual, o bien asistir a un encuentro grupal y observar como se desarrolla la de otra persona.<\/p>\n<hr class=\"gw-spacing clearboth \" style=\"height: 30px\" \/>\n<div class=\"cita_foto02\">\u201cLibre es aquel que sabe trasformarse y solo sabe trasformarse quien es capaz de desprenderse y de seguir la pr\u00f3xima gran marcha hacia lo desconocido\u201d<\/div>\n<p style=\"text-align: center;\">Bert Hellinguer<\/p>\n<\/div>\n<\/div>\n<hr class=\"gw-spacing clearboth \" style=\"height: 60px\" \/>\n<div class=\"gw-divider\"><\/div>\n<div class=\"row\">\n<div class=\"anywidth\"  style=\"width:90%; \">\n<hr class=\"gw-spacing clearboth \" style=\"height: 60px\" \/>\n<h2>OTROS TIPOS DE TERAPIA QUE TE PROPONGO:<\/h2>\n<hr class=\"gw-spacing clearboth \" style=\"height: 30px\" \/>\n<div class=\"service-section\"><div class=\"service-rectangle\"><img src=\"https:\/\/www.lolamartinterapeutagestalt.com\/wp-content\/uploads\/2015\/08\/ico_t1.png\" alt=\"terapia Individual\" \/><\/div><div class=\"ss-content\">\n<h5>Terapia Individual<\/h5>\n<p>En la terapia individual se genera un espacio de <strong>confidencialidad y confianza<\/strong>, mediante el cual podr\u00e1s abrirte a la experiencia emocional y tomar contacto con lo que acontece en tu momento actual.<\/p>\n<a href=\"https:\/\/www.lolamartinterapeutagestalt.com\/index.php\/terapia-individual\/\" class=\"gw-btn gwb-white\" title=\"Leer M\u00e1s\">Leer M\u00e1s<\/a>\n<\/div><\/div>\n<div class=\"service-section\"><div class=\"service-rectangle\"><img src=\"https:\/\/www.lolamartinterapeutagestalt.com\/wp-content\/uploads\/2015\/08\/ico_t2.png\" alt=\"terapia de pareja\" \/><\/div><div class=\"ss-content\">\n<h5>Terapia De Pareja<\/h5>\n<p>El entendimiento entre los dos miembros de la pareja es posible <strong>si estos est\u00e1n bien equilibrados<\/strong>, ya que antes de la pareja se encuentra el ser individual.<\/p>\n<a href=\"https:\/\/www.lolamartinterapeutagestalt.com\/index.php\/terapia-de-pareja\/\" class=\"gw-btn gwb-white\" title=\"Leer M\u00e1s\">Leer M\u00e1s<\/a>\n<\/div><\/div>\n<div class=\"service-section\"><div class=\"service-rectangle\"><img src=\"https:\/\/www.lolamartinterapeutagestalt.com\/wp-content\/uploads\/2015\/08\/ico_t4.png\" alt=\"Flores de Bach\" \/><\/div><div class=\"ss-content\">\n<h5>Flores de Bach<\/h5>\n<p>Las Flores de Bach, son unas <strong>esencias simil-homeop\u00e1ticas<\/strong>, por tanto no m\u00e9dicas, preparadas artesanalmente a partir de una decocci\u00f3n o maceraci\u00f3n en agua de diversas flores ya maduras .<\/p>\n<a href=\"https:\/\/www.lolamartinterapeutagestalt.com\/index.php\/flores-de-bach\/\" class=\"gw-btn gwb-white\" title=\"Leer M\u00e1s\">Leer M\u00e1s<\/a>\n<\/div><\/div>\n<div class=\"clearboth\"><\/div>\n<\/div>\n<\/div>\n<hr class=\"gw-spacing clearboth \" style=\"height: 40px\" \/>\n<\/div><\/div><div class=\"contentbar div_contacto_home\" style=\"\"><section class=\"contentbar-section\" style=\"background-color:#F0F0F0;color:#343434;\"><div class=\"container-fluid\">\n<hr class=\"gw-spacing clearboth \" style=\"height: 30px\" \/>\n<span class=\"contacto_home\">Estar\u00e9 encantada de resolverte cualquier duda, <span style=\"color: #a2195b;\">\u00a1escr\u00edbeme!.<\/span><\/span> <a href=\"https:\/\/www.lolamartinterapeutagestalt.com\/index.php\/contacto\" class=\"gw-btn gwb-white\" title=\"CONTACTAR\">CONTACTAR<\/a>\n<hr class=\"gw-spacing clearboth \" style=\"height: 20px\" \/>\n<\/div><\/section><\/div><div class=\"container-fluid\"><div class=\"content\">\n","protected":false},"excerpt":{"rendered":"","protected":false},"author":1,"featured_media":0,"parent":0,"menu_order":0,"comment_status":"closed","ping_status":"closed","template":"template-fullwidth.php","meta":[],"yoast_head":"<!-- This site is optimized with the Yoast SEO plugin v15.2 - https:\/\/yoast.com\/wordpress\/plugins\/seo\/ -->\n<title>Constelaciones Familiares | Lola Mart\u00edn Terapeuta Gestalt en Madrid y Toledo.<\/title>\n<meta name=\"description\" content=\"Con este trabajo se comprenden en un tiempo breve, las din\u00e1micas, comportamientos e implicaciones que mantienen los problemas familiares.\" \/>\n<meta name=\"robots\" content=\"index, follow, max-snippet:-1, max-image-preview:large, max-video-preview:-1\" \/>\n<link rel=\"canonical\" href=\"https:\/\/www.lolamartinterapeutagestalt.com\/index.php\/constelaciones-familiares\/\" \/>\n<meta property=\"og:locale\" content=\"es_ES\" \/>\n<meta property=\"og:type\" content=\"article\" \/>\n<meta property=\"og:title\" content=\"Constelaciones Familiares | Lola Mart\u00edn Terapeuta Gestalt en Madrid y Toledo.\" \/>\n<meta property=\"og:description\" content=\"Con este trabajo se comprenden en un tiempo breve, las din\u00e1micas, comportamientos e implicaciones que mantienen los problemas familiares.\" \/>\n<meta property=\"og:url\" content=\"https:\/\/www.lolamartinterapeutagestalt.com\/index.php\/constelaciones-familiares\/\" \/>\n<meta property=\"og:site_name\" content=\"Lola Mart\u00edn Terapeuta Gestalt en Madrid y Toledo.\" \/>\n<meta property=\"article:modified_time\" content=\"2017-02-07T11:10:42+00:00\" \/>\n<meta name=\"twitter:card\" content=\"summary\" \/>\n<meta name=\"twitter:label1\" value=\"Escrito por\">\n\t<meta name=\"twitter:data1\" value=\"lolamart\">\n\t<meta name=\"twitter:label2\" value=\"Tiempo de lectura\">\n\t<meta name=\"twitter:data2\" value=\"3 minutos\">\n<script type=\"application\/ld+json\" class=\"yoast-schema-graph\">{\"@context\":\"https:\/\/schema.org\",\"@graph\":[{\"@type\":[\"Person\",\"Organization\"],\"@id\":\"https:\/\/www.lolamartinterapeutagestalt.com\/#\/schema\/person\/3a4b7de574f5d924cfa872e2a73dbd58\",\"name\":\"lolamart\",\"image\":{\"@type\":\"ImageObject\",\"@id\":\"https:\/\/www.lolamartinterapeutagestalt.com\/#personlogo\",\"inLanguage\":\"es\",\"url\":\"https:\/\/www.lolamartinterapeutagestalt.com\/wp-content\/uploads\/2015\/08\/logotipo.gif\",\"width\":343,\"height\":86,\"caption\":\"lolamart\"},\"logo\":{\"@id\":\"https:\/\/www.lolamartinterapeutagestalt.com\/#personlogo\"}},{\"@type\":\"WebSite\",\"@id\":\"https:\/\/www.lolamartinterapeutagestalt.com\/#website\",\"url\":\"https:\/\/www.lolamartinterapeutagestalt.com\/\",\"name\":\"Lola Mart\\u00edn Terapeuta Gestalt en Madrid y Toledo.\",\"description\":\"Terapeuta Gestalt con consulta en Madrid y Toledo, especializada en: Terapia Invididual, Terapia de Pareja, Constelaciones Familiares y Flores de Bach.\",\"publisher\":{\"@id\":\"https:\/\/www.lolamartinterapeutagestalt.com\/#\/schema\/person\/3a4b7de574f5d924cfa872e2a73dbd58\"},\"potentialAction\":[{\"@type\":\"SearchAction\",\"target\":\"https:\/\/www.lolamartinterapeutagestalt.com\/?s={search_term_string}\",\"query-input\":\"required name=search_term_string\"}],\"inLanguage\":\"es\"},{\"@type\":\"WebPage\",\"@id\":\"https:\/\/www.lolamartinterapeutagestalt.com\/index.php\/constelaciones-familiares\/#webpage\",\"url\":\"https:\/\/www.lolamartinterapeutagestalt.com\/index.php\/constelaciones-familiares\/\",\"name\":\"Constelaciones Familiares | Lola Mart\\u00edn Terapeuta Gestalt en Madrid y Toledo.\",\"isPartOf\":{\"@id\":\"https:\/\/www.lolamartinterapeutagestalt.com\/#website\"},\"datePublished\":\"2015-08-06T16:17:02+00:00\",\"dateModified\":\"2017-02-07T11:10:42+00:00\",\"description\":\"Con este trabajo se comprenden en un tiempo breve, las din\\u00e1micas, comportamientos e implicaciones que mantienen los problemas familiares.\",\"inLanguage\":\"es\",\"potentialAction\":[{\"@type\":\"ReadAction\",\"target\":[\"https:\/\/www.lolamartinterapeutagestalt.com\/index.php\/constelaciones-familiares\/\"]}]}]}<\/script>\n<!-- \/ Yoast SEO plugin. -->","_links":{"self":[{"href":"https:\/\/www.lolamartinterapeutagestalt.com\/index.php\/wp-json\/wp\/v2\/pages\/287"}],"collection":[{"href":"https:\/\/www.lolamartinterapeutagestalt.com\/index.php\/wp-json\/wp\/v2\/pages"}],"about":[{"href":"https:\/\/www.lolamartinterapeutagestalt.com\/index.php\/wp-json\/wp\/v2\/types\/page"}],"author":[{"embeddable":true,"href":"https:\/\/www.lolamartinterapeutagestalt.com\/index.php\/wp-json\/wp\/v2\/users\/1"}],"replies":[{"embeddable":true,"href":"https:\/\/www.lolamartinterapeutagestalt.com\/index.php\/wp-json\/wp\/v2\/comments?post=287"}],"version-history":[{"count":29,"href":"https:\/\/www.lolamartinterapeutagestalt.com\/index.php\/wp-json\/wp\/v2\/pages\/287\/revisions"}],"predecessor-version":[{"id":508,"href":"https:\/\/www.lolamartinterapeutagestalt.com\/index.php\/wp-json\/wp\/v2\/pages\/287\/revisions\/508"}],"wp:attachment":[{"href":"https:\/\/www.lolamartinterapeutagestalt.com\/index.php\/wp-json\/wp\/v2\/media?parent=287"}],"curies":[{"name":"wp","href":"https:\/\/api.w.org\/{rel}","templated":true}]}}