{"id":284,"date":"2015-08-06T15:00:23","date_gmt":"2015-08-06T15:00:23","guid":{"rendered":"http:\/\/www.lolamartinterapeutagestalt.com\/?page_id=284"},"modified":"2015-08-26T09:33:50","modified_gmt":"2015-08-26T09:33:50","slug":"terapia-de-pareja","status":"publish","type":"page","link":"https:\/\/www.lolamartinterapeutagestalt.com\/index.php\/terapia-de-pareja\/","title":{"rendered":"Terapia de Pareja"},"content":{"rendered":"<hr class=\"gw-spacing clearboth \" style=\"height: 60px\" \/>\n<div class=\"row\">\n<div class=\"col-md-4\">\n<div class=\"imagebox-wrapper\"><img src=\"https:\/\/www.lolamartinterapeutagestalt.com\/wp-content\/uploads\/2015\/08\/img_terapia_pareja.jpg\" alt=\"imagen de Terapia Individual\" \/><div class=\"imagebox-content\">\n<hr class=\"gw-spacing clearboth \" style=\"height: 30px\" \/>\n<div class=\"cita_foto\">&#8220;No estoy aqu\u00ed para satisfacer tus expectativas, no est\u00e1s aqu\u00ed para satisfacer las mias&#8221;<\/div>\n<\/div><\/div>\n<\/div>\n<div class=\"col-md-8\">\n<hr class=\"gw-spacing clearboth \" style=\"height: 20px\" \/>\n<h3 class=\"justificar\">EL ENTENDIMIENTO ENTRE LOS DOS MIEMBROS DE LA PAREJA ES POSIBLE SI ESTOS EST\u00c1N BIEN EQUILIBRADOS, CONVIENE RECORDAR QUE ANTES DE LA PAREJA EST\u00c1 EL SER INDIVIDUAL.<\/h3>\n<div class=\"linebar\" style=\"background-color:#83BF41;\"><\/div>\n<p class=\"justificar\">La terapia de pareja pod\u00e9is realizarla juntos, es decir, las dos personas a la vez o bien que cada miembro de la pareja realice su trabajo de terapia con terapeutas distintos. Las dos opciones son v\u00e1lidas y valiosas, solo tendr\u00e9is que elegir la que os parezca m\u00e1s adecuada a vuestra problem\u00e1tica.<\/p>\n<p>Para <strong>restablecer el equilibrio<\/strong> entre las dos personas es necesario:<\/p>\n<ul class=\"custom-list\"  style=\"margin-left: 20px;\">\n<li><i class=\"fa fa-arrow-right\"><\/i>\nConocimiento de uno mismo.<br \/>\n<\/li>\n<li><i class=\"fa fa-arrow-right\"><\/i>\nConocimiento de nuestra pareja.<br \/>\n<\/li>\n<li><i class=\"fa fa-arrow-right\"><\/i>\nAceptaci\u00f3n de las diferencias.<br \/>\n<\/li>\n<li><i class=\"fa fa-arrow-right\"><\/i>\nEncontrar los nexos de uni\u00f3n.<br \/>\n<\/li>\n<li><i class=\"fa fa-arrow-right\"><\/i>\nInstaurar una nueva forma de comunicaci\u00f3n que nos permita crecer juntos.<br \/>\n<\/li><\/ul><br \/>\n<\/div>\n<\/div>\n<hr class=\"gw-spacing clearboth \" style=\"height: 60px\" \/>\n<div class=\"gw-divider\"><\/div>\n<div class=\"row\">\n<div class=\"anywidth\"  style=\"width:90%; \">\n<hr class=\"gw-spacing clearboth \" style=\"height: 60px\" \/>\n<h2>OTROS TIPOS DE TERAPIA QUE TE PROPONGO:<\/h2>\n<hr class=\"gw-spacing clearboth \" style=\"height: 30px\" \/>\n<div class=\"service-section\"><div class=\"service-rectangle\"><img src=\"https:\/\/www.lolamartinterapeutagestalt.com\/wp-content\/uploads\/2015\/08\/ico_t1.png\" alt=\"terapia Individual\" \/><\/div><div class=\"ss-content\">\n<h5>Terapia Individual<\/h5>\n<p>En la terapia individual se genera un espacio de <strong>confidencialidad y confianza<\/strong>, mediante el cual podr\u00e1s abrirte a la experiencia emocional y tomar contacto con lo que acontece en tu momento actual.<\/p>\n<a href=\"https:\/\/www.lolamartinterapeutagestalt.com\/index.php\/terapia-individual\/\" class=\"gw-btn gwb-white\" title=\"Leer M\u00e1s\">Leer M\u00e1s<\/a>\n<\/div><\/div>\n<div class=\"service-section\"><div class=\"service-rectangle\"><img src=\"https:\/\/www.lolamartinterapeutagestalt.com\/wp-content\/uploads\/2015\/08\/ico_t3.png\" alt=\"constelaciones familiares\" \/><\/div><div class=\"ss-content\">\n<h5>Constelaciones Familiares<\/h5>\n<p>Se trata del <strong>m\u00e9todo Fenomenol\u00f3gico y Sist\u00e9mico creado por Bert Hellinger<\/strong> (psicoterapeuta alem\u00e1n). Gracias a su contribuci\u00f3n tenemos un panorama terap\u00e9utico enriquecido a partir de la comprensi\u00f3n de los \u00f3rdenes del amor y los movimientos del ama.<\/p>\n<a href=\"https:\/\/www.lolamartinterapeutagestalt.com\/index.php\/constelaciones-familiares\/\" class=\"gw-btn gwb-white\" title=\"Leer M\u00e1s\">Leer M\u00e1s<\/a>\n<\/div><\/div>\n<div class=\"service-section\"><div class=\"service-rectangle\"><img src=\"https:\/\/www.lolamartinterapeutagestalt.com\/wp-content\/uploads\/2015\/08\/ico_t4.png\" alt=\"Flores de Bach\" \/><\/div><div class=\"ss-content\">\n<h5>Flores de Bach<\/h5>\n<p>Las Flores de Bach, son unas <strong>esencias simil-homeop\u00e1ticas<\/strong>, por tanto no m\u00e9dicas, preparadas artesanalmente a partir de una decocci\u00f3n o maceraci\u00f3n en agua de diversas flores ya maduras .<\/p>\n<a href=\"https:\/\/www.lolamartinterapeutagestalt.com\/index.php\/flores-de-bach\/\" class=\"gw-btn gwb-white\" title=\"Leer M\u00e1s\">Leer M\u00e1s<\/a>\n<\/div><\/div>\n<div class=\"clearboth\"><\/div>\n<\/div>\n<\/div>\n<hr class=\"gw-spacing clearboth \" style=\"height: 40px\" \/>\n<\/div><\/div><div class=\"contentbar div_contacto_home\" style=\"\"><section class=\"contentbar-section\" style=\"background-color:#F0F0F0;color:#343434;\"><div class=\"container-fluid\">\n<hr class=\"gw-spacing clearboth \" style=\"height: 30px\" \/>\n<span class=\"contacto_home\">Estar\u00e9 encantada de resolverte cualquier duda, <span style=\"color: #a2195b;\">\u00a1escr\u00edbeme!.<\/span><\/span> <a href=\"#\" class=\"gw-btn gwb-white\" title=\"CONTACTAR\">CONTACTAR<\/a>\n<hr class=\"gw-spacing clearboth \" style=\"height: 20px\" \/>\n<\/div><\/section><\/div><div class=\"container-fluid\"><div class=\"content\">\n","protected":false},"excerpt":{"rendered":"","protected":false},"author":1,"featured_media":0,"parent":0,"menu_order":0,"comment_status":"closed","ping_status":"closed","template":"template-fullwidth.php","meta":[],"yoast_head":"<!-- This site is optimized with the Yoast SEO plugin v15.2 - https:\/\/yoast.com\/wordpress\/plugins\/seo\/ -->\n<title>Terapia de Pareja | Lola Mart\u00edn Terapeuta Gestalt en Madrid y Toledo.<\/title>\n<meta name=\"robots\" content=\"index, follow, max-snippet:-1, max-image-preview:large, max-video-preview:-1\" \/>\n<link rel=\"canonical\" href=\"https:\/\/www.lolamartinterapeutagestalt.com\/index.php\/terapia-de-pareja\/\" \/>\n<meta property=\"og:locale\" content=\"es_ES\" \/>\n<meta property=\"og:type\" content=\"article\" \/>\n<meta property=\"og:title\" content=\"Terapia de Pareja | Lola Mart\u00edn Terapeuta Gestalt en Madrid y Toledo.\" \/>\n<meta property=\"og:url\" content=\"https:\/\/www.lolamartinterapeutagestalt.com\/index.php\/terapia-de-pareja\/\" \/>\n<meta property=\"og:site_name\" content=\"Lola Mart\u00edn Terapeuta Gestalt en Madrid y Toledo.\" \/>\n<meta property=\"article:modified_time\" content=\"2015-08-26T09:33:50+00:00\" \/>\n<meta name=\"twitter:card\" content=\"summary\" \/>\n<meta name=\"twitter:label1\" value=\"Escrito por\">\n\t<meta name=\"twitter:data1\" value=\"lolamart\">\n\t<meta name=\"twitter:label2\" value=\"Tiempo de lectura\">\n\t<meta name=\"twitter:data2\" value=\"2 minutos\">\n<script type=\"application\/ld+json\" class=\"yoast-schema-graph\">{\"@context\":\"https:\/\/schema.org\",\"@graph\":[{\"@type\":[\"Person\",\"Organization\"],\"@id\":\"https:\/\/www.lolamartinterapeutagestalt.com\/#\/schema\/person\/3a4b7de574f5d924cfa872e2a73dbd58\",\"name\":\"lolamart\",\"image\":{\"@type\":\"ImageObject\",\"@id\":\"https:\/\/www.lolamartinterapeutagestalt.com\/#personlogo\",\"inLanguage\":\"es\",\"url\":\"https:\/\/www.lolamartinterapeutagestalt.com\/wp-content\/uploads\/2015\/08\/logotipo.gif\",\"width\":343,\"height\":86,\"caption\":\"lolamart\"},\"logo\":{\"@id\":\"https:\/\/www.lolamartinterapeutagestalt.com\/#personlogo\"}},{\"@type\":\"WebSite\",\"@id\":\"https:\/\/www.lolamartinterapeutagestalt.com\/#website\",\"url\":\"https:\/\/www.lolamartinterapeutagestalt.com\/\",\"name\":\"Lola Mart\\u00edn Terapeuta Gestalt en Madrid y Toledo.\",\"description\":\"Terapeuta Gestalt con consulta en Madrid y Toledo, especializada en: Terapia Invididual, Terapia de Pareja, Constelaciones Familiares y Flores de Bach.\",\"publisher\":{\"@id\":\"https:\/\/www.lolamartinterapeutagestalt.com\/#\/schema\/person\/3a4b7de574f5d924cfa872e2a73dbd58\"},\"potentialAction\":[{\"@type\":\"SearchAction\",\"target\":\"https:\/\/www.lolamartinterapeutagestalt.com\/?s={search_term_string}\",\"query-input\":\"required name=search_term_string\"}],\"inLanguage\":\"es\"},{\"@type\":\"WebPage\",\"@id\":\"https:\/\/www.lolamartinterapeutagestalt.com\/index.php\/terapia-de-pareja\/#webpage\",\"url\":\"https:\/\/www.lolamartinterapeutagestalt.com\/index.php\/terapia-de-pareja\/\",\"name\":\"Terapia de Pareja | Lola Mart\\u00edn Terapeuta Gestalt en Madrid y Toledo.\",\"isPartOf\":{\"@id\":\"https:\/\/www.lolamartinterapeutagestalt.com\/#website\"},\"datePublished\":\"2015-08-06T15:00:23+00:00\",\"dateModified\":\"2015-08-26T09:33:50+00:00\",\"inLanguage\":\"es\",\"potentialAction\":[{\"@type\":\"ReadAction\",\"target\":[\"https:\/\/www.lolamartinterapeutagestalt.com\/index.php\/terapia-de-pareja\/\"]}]}]}<\/script>\n<!-- \/ Yoast SEO plugin. -->","_links":{"self":[{"href":"https:\/\/www.lolamartinterapeutagestalt.com\/index.php\/wp-json\/wp\/v2\/pages\/284"}],"collection":[{"href":"https:\/\/www.lolamartinterapeutagestalt.com\/index.php\/wp-json\/wp\/v2\/pages"}],"about":[{"href":"https:\/\/www.lolamartinterapeutagestalt.com\/index.php\/wp-json\/wp\/v2\/types\/page"}],"author":[{"embeddable":true,"href":"https:\/\/www.lolamartinterapeutagestalt.com\/index.php\/wp-json\/wp\/v2\/users\/1"}],"replies":[{"embeddable":true,"href":"https:\/\/www.lolamartinterapeutagestalt.com\/index.php\/wp-json\/wp\/v2\/comments?post=284"}],"version-history":[{"count":31,"href":"https:\/\/www.lolamartinterapeutagestalt.com\/index.php\/wp-json\/wp\/v2\/pages\/284\/revisions"}],"predecessor-version":[{"id":464,"href":"https:\/\/www.lolamartinterapeutagestalt.com\/index.php\/wp-json\/wp\/v2\/pages\/284\/revisions\/464"}],"wp:attachment":[{"href":"https:\/\/www.lolamartinterapeutagestalt.com\/index.php\/wp-json\/wp\/v2\/media?parent=284"}],"curies":[{"name":"wp","href":"https:\/\/api.w.org\/{rel}","templated":true}]}}