{"id":2,"date":"2015-07-31T10:52:07","date_gmt":"2015-07-31T10:52:07","guid":{"rendered":"http:\/\/www.lolamartinterapeutagestalt.com\/?page_id=2"},"modified":"2015-08-16T21:07:11","modified_gmt":"2015-08-16T21:07:11","slug":"terapia-individual","status":"publish","type":"page","link":"https:\/\/www.lolamartinterapeutagestalt.com\/index.php\/terapia-individual\/","title":{"rendered":"Terapia Individual"},"content":{"rendered":"<hr class=\"gw-spacing clearboth \" style=\"height: 60px\" \/>\n<div class=\"row\">\n<div class=\"col-md-4\">\n<div class=\"imagebox-wrapper\"><img src=\"https:\/\/www.lolamartinterapeutagestalt.com\/wp-content\/uploads\/2015\/08\/img_terapia_individual.jpg\" alt=\"Terapia Individual\" \/><div class=\"imagebox-content\">\n<hr class=\"gw-spacing clearboth \" style=\"height: 30px\" \/>\n<div class=\"cita_foto\">&#8220;Son tus propias creencias sobre ti mismo y sobre el mundo las que modelan las experiencias de tu d\u00eda a d\u00eda&#8221;<\/div>\n<\/div><\/div>\n<\/div>\n<div class=\"col-md-8\">\n<hr class=\"gw-spacing clearboth \" style=\"height: 20px\" \/>\n<h3 class=\"justificar\">LA PSICOTERAPIA ES UN CAMINO ARDUO DEBIDO A QUE NOS CUESTA VER AQUELLAS FACETAS QUE MENOS NOS GUSTAN DE NUESTRO CAR\u00c1CTER Y DE NOSOTROS MISMOS. CON CORAJE Y CONFIANZA DE QUE VAMOS A LLEGAR AH\u00cd, PODREMOS VER LO QUE HAY AL OTRO LADO. ATRAVESANDO EL DOLOR PODREMOS SALIR DE EL.<\/h3>\n<div class=\"linebar\" style=\"background-color:#83BF41;\"><\/div>\n<p class=\"justificar\">En la terapia individual se genera un espacio de <strong>confidencialidad y confianza<\/strong>, mediante el cual podr\u00e1s abrirte a la experiencia emocional y tomar contacto con lo que acontece en tu momento actual.<\/p>\n<p class=\"justificar\">Realizar\u00e1s el proceso acompa\u00f1ado y guiado por la terapeuta, que te ayudar\u00e1 a darte cuenta de lo que te est\u00e1 pasando, realizando intervenciones para que por ti mismo vayas sintiendo aquello que te perturba, trabajarlo y afrontar el problema desde otra perspectiva mas saludable. En este tipo de terapia, la terapeuta escucha y trata de entender el significado de lo que se dice en la sesi\u00f3n, ya sea expl\u00edcito o simb\u00f3lico, as\u00ed podremos apoyar o confrontar (valores esenciales en la Gestalt), adquirir mayor conocimiento de ti mismo, comprender al otro y relacionarte mejor con el entorno.<\/p>\n<p class=\"justificar\">La <strong>Interpretaci\u00f3n de los Sue\u00f1os<\/strong> es una herramienta poderosa ya que mediante los sue\u00f1os entendemos como nos proyectamos a trav\u00e9s de im\u00e1genes o sensaciones; siendo tu mismo el que llega a extraer el significado, acompa\u00f1ado por la terapeuta, llegando a reincorporarlos a tu persona, ya que estaban escindidos.<\/p>\n<\/div>\n<\/div>\n<hr class=\"gw-spacing clearboth \" style=\"height: 60px\" \/>\n<div class=\"gw-divider\"><\/div>\n<div class=\"row\">\n<div class=\"anywidth\"  style=\"width:90%; \">\n<hr class=\"gw-spacing clearboth \" style=\"height: 60px\" \/>\n<h2>OTROS TIPOS DE TERAPIA QUE TE PROPONGO:<\/h2>\n<hr class=\"gw-spacing clearboth \" style=\"height: 30px\" \/>\n<div class=\"service-section\"><div class=\"service-rectangle\"><img src=\"https:\/\/www.lolamartinterapeutagestalt.com\/wp-content\/uploads\/2015\/08\/ico_t2.png\" alt=\"terapia de pareja\" \/><\/div><div class=\"ss-content\">\n<h5>Terapia De Pareja<\/h5>\n<p>El entendimiento entre los dos miembros de la pareja es posible <strong>si estos est\u00e1n bien equilibrados<\/strong>, ya que antes de la pareja se encuentra el ser individual.<\/p>\n<a href=\"https:\/\/www.lolamartinterapeutagestalt.com\/index.php\/terapia-de-pareja\/\" class=\"gw-btn gwb-white\" title=\"Leer M\u00e1s\">Leer M\u00e1s<\/a>\n<\/div><\/div>\n<div class=\"service-section\"><div class=\"service-rectangle\"><img src=\"https:\/\/www.lolamartinterapeutagestalt.com\/wp-content\/uploads\/2015\/08\/ico_t3.png\" alt=\"constelaciones familiares\" \/><\/div><div class=\"ss-content\">\n<h5>Constelaciones Familiares<\/h5>\n<p>Se trata del <strong>m\u00e9todo Fenomenol\u00f3gico y Sist\u00e9mico creado por Bert Hellinger<\/strong> (psicoterapeuta alem\u00e1n). Gracias a su contribuci\u00f3n tenemos un panorama terap\u00e9utico enriquecido a partir de la comprensi\u00f3n de los \u00f3rdenes del amor y los movimientos del ama.<\/p>\n<a href=\"https:\/\/www.lolamartinterapeutagestalt.com\/index.php\/constelaciones-familiares\/\" class=\"gw-btn gwb-white\" title=\"Leer M\u00e1s\">Leer M\u00e1s<\/a>\n<\/div><\/div>\n<div class=\"service-section\"><div class=\"service-rectangle\"><img src=\"https:\/\/www.lolamartinterapeutagestalt.com\/wp-content\/uploads\/2015\/08\/ico_t4.png\" alt=\"Flores de Bach\" \/><\/div><div class=\"ss-content\">\n<h5>Flores de Bach<\/h5>\n<p>Las Flores de Bach, son unas <strong>esencias simil-homeop\u00e1ticas<\/strong>, por tanto no m\u00e9dicas, preparadas artesanalmente a partir de una decocci\u00f3n o maceraci\u00f3n en agua de diversas flores ya maduras .<\/p>\n<a href=\"https:\/\/www.lolamartinterapeutagestalt.com\/index.php\/flores-de-bach\/\" class=\"gw-btn gwb-white\" title=\"Leer M\u00e1s\">Leer M\u00e1s<\/a>\n<\/div><\/div>\n<div class=\"clearboth\"><\/div>\n<\/div>\n<\/div>\n<hr class=\"gw-spacing clearboth \" style=\"height: 40px\" \/>\n<\/div><\/div><div class=\"contentbar div_contacto_home\" style=\"\"><section class=\"contentbar-section\" style=\"background-color:#F0F0F0;color:#343434;\"><div class=\"container-fluid\">\n<hr class=\"gw-spacing clearboth \" style=\"height: 30px\" \/>\n<span class=\"contacto_home\">Estar\u00e9 encantada de resolverte cualquier duda, <span style=\"color: #a2195b;\">\u00a1escr\u00edbeme!.<\/span><\/span> <a href=\"https:\/\/www.lolamartinterapeutagestalt.com\/index.php\/contacto\" class=\"gw-btn gwb-white\" title=\"CONTACTAR\">CONTACTAR<\/a>\n<hr class=\"gw-spacing clearboth \" style=\"height: 20px\" \/>\n<\/div><\/section><\/div><div class=\"container-fluid\"><div class=\"content\">\n","protected":false},"excerpt":{"rendered":"","protected":false},"author":1,"featured_media":0,"parent":0,"menu_order":0,"comment_status":"closed","ping_status":"closed","template":"template-fullwidth.php","meta":[],"yoast_head":"<!-- This site is optimized with the Yoast SEO plugin v15.2 - https:\/\/yoast.com\/wordpress\/plugins\/seo\/ -->\n<title>Terapia Individual | Lola Mart\u00edn Terapeuta Gestalt en Madrid y Toledo.<\/title>\n<meta name=\"robots\" content=\"index, follow, max-snippet:-1, max-image-preview:large, max-video-preview:-1\" \/>\n<link rel=\"canonical\" href=\"https:\/\/www.lolamartinterapeutagestalt.com\/index.php\/terapia-individual\/\" \/>\n<meta property=\"og:locale\" content=\"es_ES\" \/>\n<meta property=\"og:type\" content=\"article\" \/>\n<meta property=\"og:title\" content=\"Terapia Individual | Lola Mart\u00edn Terapeuta Gestalt en Madrid y Toledo.\" \/>\n<meta property=\"og:url\" content=\"https:\/\/www.lolamartinterapeutagestalt.com\/index.php\/terapia-individual\/\" \/>\n<meta property=\"og:site_name\" content=\"Lola Mart\u00edn Terapeuta Gestalt en Madrid y Toledo.\" \/>\n<meta property=\"article:modified_time\" content=\"2015-08-16T21:07:11+00:00\" \/>\n<meta name=\"twitter:card\" content=\"summary\" \/>\n<meta name=\"twitter:label1\" value=\"Escrito por\">\n\t<meta name=\"twitter:data1\" value=\"lolamart\">\n\t<meta name=\"twitter:label2\" value=\"Tiempo de lectura\">\n\t<meta name=\"twitter:data2\" value=\"2 minutos\">\n<script type=\"application\/ld+json\" class=\"yoast-schema-graph\">{\"@context\":\"https:\/\/schema.org\",\"@graph\":[{\"@type\":[\"Person\",\"Organization\"],\"@id\":\"https:\/\/www.lolamartinterapeutagestalt.com\/#\/schema\/person\/3a4b7de574f5d924cfa872e2a73dbd58\",\"name\":\"lolamart\",\"image\":{\"@type\":\"ImageObject\",\"@id\":\"https:\/\/www.lolamartinterapeutagestalt.com\/#personlogo\",\"inLanguage\":\"es\",\"url\":\"https:\/\/www.lolamartinterapeutagestalt.com\/wp-content\/uploads\/2015\/08\/logotipo.gif\",\"width\":343,\"height\":86,\"caption\":\"lolamart\"},\"logo\":{\"@id\":\"https:\/\/www.lolamartinterapeutagestalt.com\/#personlogo\"}},{\"@type\":\"WebSite\",\"@id\":\"https:\/\/www.lolamartinterapeutagestalt.com\/#website\",\"url\":\"https:\/\/www.lolamartinterapeutagestalt.com\/\",\"name\":\"Lola Mart\\u00edn Terapeuta Gestalt en Madrid y Toledo.\",\"description\":\"Terapeuta Gestalt con consulta en Madrid y Toledo, especializada en: Terapia Invididual, Terapia de Pareja, Constelaciones Familiares y Flores de Bach.\",\"publisher\":{\"@id\":\"https:\/\/www.lolamartinterapeutagestalt.com\/#\/schema\/person\/3a4b7de574f5d924cfa872e2a73dbd58\"},\"potentialAction\":[{\"@type\":\"SearchAction\",\"target\":\"https:\/\/www.lolamartinterapeutagestalt.com\/?s={search_term_string}\",\"query-input\":\"required name=search_term_string\"}],\"inLanguage\":\"es\"},{\"@type\":\"WebPage\",\"@id\":\"https:\/\/www.lolamartinterapeutagestalt.com\/index.php\/terapia-individual\/#webpage\",\"url\":\"https:\/\/www.lolamartinterapeutagestalt.com\/index.php\/terapia-individual\/\",\"name\":\"Terapia Individual | Lola Mart\\u00edn Terapeuta Gestalt en Madrid y Toledo.\",\"isPartOf\":{\"@id\":\"https:\/\/www.lolamartinterapeutagestalt.com\/#website\"},\"datePublished\":\"2015-07-31T10:52:07+00:00\",\"dateModified\":\"2015-08-16T21:07:11+00:00\",\"inLanguage\":\"es\",\"potentialAction\":[{\"@type\":\"ReadAction\",\"target\":[\"https:\/\/www.lolamartinterapeutagestalt.com\/index.php\/terapia-individual\/\"]}]}]}<\/script>\n<!-- \/ Yoast SEO plugin. -->","_links":{"self":[{"href":"https:\/\/www.lolamartinterapeutagestalt.com\/index.php\/wp-json\/wp\/v2\/pages\/2"}],"collection":[{"href":"https:\/\/www.lolamartinterapeutagestalt.com\/index.php\/wp-json\/wp\/v2\/pages"}],"about":[{"href":"https:\/\/www.lolamartinterapeutagestalt.com\/index.php\/wp-json\/wp\/v2\/types\/page"}],"author":[{"embeddable":true,"href":"https:\/\/www.lolamartinterapeutagestalt.com\/index.php\/wp-json\/wp\/v2\/users\/1"}],"replies":[{"embeddable":true,"href":"https:\/\/www.lolamartinterapeutagestalt.com\/index.php\/wp-json\/wp\/v2\/comments?post=2"}],"version-history":[{"count":71,"href":"https:\/\/www.lolamartinterapeutagestalt.com\/index.php\/wp-json\/wp\/v2\/pages\/2\/revisions"}],"predecessor-version":[{"id":443,"href":"https:\/\/www.lolamartinterapeutagestalt.com\/index.php\/wp-json\/wp\/v2\/pages\/2\/revisions\/443"}],"wp:attachment":[{"href":"https:\/\/www.lolamartinterapeutagestalt.com\/index.php\/wp-json\/wp\/v2\/media?parent=2"}],"curies":[{"name":"wp","href":"https:\/\/api.w.org\/{rel}","templated":true}]}}